{"id":16069,"date":"2024-04-20T19:44:36","date_gmt":"2024-04-20T17:44:36","guid":{"rendered":"https:\/\/vitaliabio.net\/?page_id=16069"},"modified":"2024-04-20T19:46:52","modified_gmt":"2024-04-20T17:46:52","slug":"demande-de-paiement","status":"publish","type":"page","link":"https:\/\/vitaliabio.net\/index.php\/demande-de-paiement\/","title":{"rendered":"Demande de paiement"},"content":{"rendered":"\t\t<div data-elementor-type=\"wp-page\" data-elementor-id=\"16069\" class=\"elementor elementor-16069\" data-elementor-post-type=\"page\">\n\t\t\t\t<div data-particle_enable=\"false\" data-particle-mobile-disabled=\"false\" class=\"wd-negative-gap elementor-element elementor-element-88c90d7 e-flex e-con-boxed e-con e-parent\" data-id=\"88c90d7\" data-element_type=\"container\" data-settings=\"{&quot;content_width&quot;:&quot;boxed&quot;,&quot;ekit_has_onepagescroll_dot&quot;:&quot;yes&quot;}\" data-core-v316-plus=\"true\">\n\t\t\t\t\t<div class=\"e-con-inner\">\n\t\t\t\t\t<\/div>\n\t\t\t\t<\/div>\n\t\t<div data-particle_enable=\"false\" data-particle-mobile-disabled=\"false\" class=\"wd-negative-gap elementor-element elementor-element-844bcdd e-flex e-con-boxed e-con e-parent\" data-id=\"844bcdd\" data-element_type=\"container\" data-settings=\"{&quot;content_width&quot;:&quot;boxed&quot;,&quot;ekit_has_onepagescroll_dot&quot;:&quot;yes&quot;}\" data-core-v316-plus=\"true\">\n\t\t\t\t\t<div class=\"e-con-inner\">\n\t\t\t\t<div class=\"elementor-element elementor-element-863d8a8 eael-wpforms-labels-yes eael-wpforms-form-button-custom elementor-widget elementor-widget-eael-wpforms\" data-id=\"863d8a8\" data-element_type=\"widget\" data-settings=\"{&quot;ekit_we_effect_on&quot;:&quot;none&quot;}\" data-widget_type=\"eael-wpforms.default\">\n\t\t\t\t<div class=\"elementor-widget-container\">\n\t\t\t            <div class=\"eael-contact-form eael-wpforms eael-wpforms-align-left\">\n                                <div class=\"wpforms-container wpforms-container-full wpforms-render-modern\" id=\"wpforms-16066\"><form id=\"wpforms-form-16066\" class=\"wpforms-validate wpforms-form wpforms-ajax-form\" data-formid=\"16066\" method=\"post\" enctype=\"multipart\/form-data\" action=\"\/index.php\/wp-json\/wp\/v2\/pages\/16069\" data-token=\"40921ef001696df34099bfe8f0829361\"><div class=\"wpforms-head-container\"><\/div><noscript class=\"wpforms-error-noscript\">Veuillez activer JavaScript dans votre navigateur pour remplir ce formulaire.<\/noscript><div class=\"wpforms-hidden\" id=\"wpforms-error-noscript\">Veuillez activer JavaScript dans votre navigateur pour remplir ce formulaire.<\/div><div class=\"wpforms-field-container\"><div id=\"wpforms-16066-field_0-container\" class=\"wpforms-field wpforms-field-name\" data-field-id=\"0\"><fieldset><legend class=\"wpforms-field-label\">\u0627\u0644\u0627\u0633\u0645 \u0648\u0627\u0644\u0644\u0642\u0628 <span class=\"wpforms-required-label\" aria-hidden=\"true\">*<\/span><\/legend><div class=\"wpforms-field-row wpforms-field-medium\"><div class=\"wpforms-field-row-block wpforms-first wpforms-one-half\"><input type=\"text\" id=\"wpforms-16066-field_0\" class=\"wpforms-field-name-first wpforms-field-required\" name=\"wpforms[fields][0][first]\" aria-errormessage=\"wpforms-16066-field_0-error\" required><label for=\"wpforms-16066-field_0\" class=\"wpforms-field-sublabel after \">Pr\u00e9nom<\/label><\/div><div class=\"wpforms-field-row-block wpforms-one-half\"><input type=\"text\" id=\"wpforms-16066-field_0-last\" class=\"wpforms-field-name-last wpforms-field-required\" name=\"wpforms[fields][0][last]\" aria-errormessage=\"wpforms-16066-field_0-last-error\" required><label for=\"wpforms-16066-field_0-last\" class=\"wpforms-field-sublabel after \">Nom<\/label><\/div><\/div><\/fieldset><\/div><div id=\"wpforms-16066-field_4-container\" class=\"wpforms-field wpforms-field-layout\" data-field-id=\"4\"><label class=\"wpforms-field-label wpforms-label-hide\" for=\"wpforms-16066-field_4\" aria-hidden=\"false\">Layout<\/label><div class=\"wpforms-field-layout-columns wpforms-field-layout-preset-50-50\"><div class=\"wpforms-layout-column wpforms-layout-column-50\"><div id=\"wpforms-16066-field_1-container\" class=\"wpforms-field wpforms-field-email\" data-field-id=\"1\"><label class=\"wpforms-field-label\" for=\"wpforms-16066-field_1\">\u0627\u0644\u0628\u0631\u064a\u062f \u0627\u0644\u0627\u0644\u0643\u062a\u0631\u0648\u0646\u064a <span class=\"wpforms-required-label\" aria-hidden=\"true\">*<\/span><\/label><input type=\"email\" id=\"wpforms-16066-field_1\" class=\"wpforms-field-medium wpforms-field-required\" name=\"wpforms[fields][1]\" spellcheck=\"false\" aria-errormessage=\"wpforms-16066-field_1-error\" required><\/div><div id=\"wpforms-16066-field_5-container\" class=\"wpforms-field wpforms-field-address\" data-field-id=\"5\"><fieldset><legend class=\"wpforms-field-label\">\u0627\u0644\u0639\u0646\u0648\u0627\u0646 <span class=\"wpforms-required-label\" aria-hidden=\"true\">*<\/span><\/legend><div class=\"wpforms-field-row wpforms-field-medium\"><div ><input type=\"text\" id=\"wpforms-16066-field_5\" class=\"wpforms-field-address-address1 wpforms-field-required\" name=\"wpforms[fields][5][address1]\" placeholder=\"\u0627\u0644\u0639\u0646\u0648\u0627\u0646 \u0627\u0644\u0634\u062e\u0635\u064a\" aria-errormessage=\"wpforms-16066-field_5-error\" required><label for=\"wpforms-16066-field_5\" class=\"wpforms-field-sublabel after \">Adresse ligne\u00a01<\/label><\/div><\/div><div class=\"wpforms-field-row wpforms-field-medium\"><div class=\"wpforms-field-row-block wpforms-one-half wpforms-first\"><input type=\"text\" id=\"wpforms-16066-field_5-city\" class=\"wpforms-field-address-city wpforms-field-required\" name=\"wpforms[fields][5][city]\" placeholder=\"\u0627\u0644\u0628\u0644\u062f\u064a\u0629\" aria-errormessage=\"wpforms-16066-field_5-city-error\" required><label for=\"wpforms-16066-field_5-city\" class=\"wpforms-field-sublabel after \">Ville<\/label><\/div><div class=\"wpforms-field-row-block wpforms-one-half\"><input type=\"text\" id=\"wpforms-16066-field_5-state\" class=\"wpforms-field-address-state wpforms-field-required\" name=\"wpforms[fields][5][state]\" placeholder=\"\u0627\u0644\u0648\u0644\u0627\u064a\u0629\" aria-errormessage=\"wpforms-16066-field_5-state-error\" required><label for=\"wpforms-16066-field_5-state\" class=\"wpforms-field-sublabel after \">\u00c9tat \/ Province \/ R\u00e9gion<\/label><\/div><\/div><\/fieldset><\/div><\/div><div class=\"wpforms-layout-column wpforms-layout-column-50\"><div id=\"wpforms-16066-field_3-container\" class=\"wpforms-field wpforms-field-phone\" data-field-id=\"3\"><label class=\"wpforms-field-label\" for=\"wpforms-16066-field_3\">\u0631\u0642\u0645 \u0627\u0644\u0647\u0627\u062a\u0641 <span class=\"wpforms-required-label\" aria-hidden=\"true\">*<\/span><\/label><input type=\"tel\" id=\"wpforms-16066-field_3\" class=\"wpforms-field-medium wpforms-field-required\" data-rule-int-phone-field=\"true\" name=\"wpforms[fields][3]\" value=\"0770 __ __ __ __ __ __\" aria-errormessage=\"wpforms-16066-field_3-error\" required><\/div><div id=\"wpforms-16066-field_6-container\" class=\"wpforms-field wpforms-field-text\" data-field-id=\"6\"><label class=\"wpforms-field-label\" for=\"wpforms-16066-field_6\">(Affiliate ID) \u0623\u062f\u062e\u0644 \u0631\u0627\u0628\u0637 \u0627\u0644\u0625\u062d\u0627\u0644\u0629 \u0627\u0644\u062e\u0627\u0635 \u0628\u0643 \u0623\u0648  <span class=\"wpforms-required-label\" aria-hidden=\"true\">*<\/span><\/label><input type=\"text\" id=\"wpforms-16066-field_6\" class=\"wpforms-field-medium wpforms-field-required\" name=\"wpforms[fields][6]\" aria-errormessage=\"wpforms-16066-field_6-error\" required><\/div><div id=\"wpforms-16066-field_7-container\" class=\"wpforms-field wpforms-field-text\" data-field-id=\"7\"><label class=\"wpforms-field-label\" for=\"wpforms-16066-field_7\">\u062d\u0633\u0627\u0628 \u0627\u0644\u0641\u0627\u064a\u0633\u0628\u0648\u0643 \u0627\u0644\u0630\u064a \u062a\u0639\u0645\u0644 \u0628\u0647<\/label><input type=\"text\" id=\"wpforms-16066-field_7\" class=\"wpforms-field-medium\" name=\"wpforms[fields][7]\" aria-errormessage=\"wpforms-16066-field_7-error\" ><\/div><\/div><\/div><\/div><div id=\"wpforms-16066-field_8-container\" class=\"wpforms-field wpforms-field-divider\" data-field-id=\"8\"><h3 id=\"wpforms-16066-field_8\" name=\"wpforms[fields][8]\" aria-errormessage=\"wpforms-16066-field_8-error\">(Information de paiement) \u0645\u0639\u0644\u0648\u0645\u0627\u062a \u0627\u0644\u062f\u0641\u0639 <\/h3><\/div><div id=\"wpforms-16066-field_25-container\" class=\"wpforms-field wpforms-field-text\" data-field-id=\"25\"><label class=\"wpforms-field-label\" for=\"wpforms-16066-field_25\">(Montant \u00e0 r\u00e9cup\u00e9rer) \u0623\u062f\u062e\u0640\u0640\u0640\u0640\u0640\u0640\u0640\u0644 \u0627\u0644\u0645\u0628\u0644\u063a<\/label><input type=\"text\" id=\"wpforms-16066-field_25\" class=\"wpforms-field-small wpforms-limit-characters-enabled\" data-form-id=\"16066\" data-field-id=\"25\" data-text-limit=\"8\" name=\"wpforms[fields][25]\" value=\"5.000 DA et plus\" aria-errormessage=\"wpforms-16066-field_25-error\" aria-describedby=\"wpforms-16066-field_25-description\" maxlength=\"8\" ><div id=\"wpforms-16066-field_25-description\" class=\"wpforms-field-description\">\u0623\u062f\u0646\u0649 \u062d\u062f \u0644\u0637\u0644\u0628 \u062f\u0641\u0639 \u0627\u0644\u0623\u0631\u0628\u0627\u062d \u0647\u0648 5.000\u062f\u062c <\/div><\/div><div id=\"wpforms-16066-field_9-container\" class=\"wpforms-field wpforms-field-layout\" data-field-id=\"9\"><label class=\"wpforms-field-label wpforms-label-hide\" for=\"wpforms-16066-field_9\" aria-hidden=\"false\">Layout<\/label><div class=\"wpforms-field-layout-columns wpforms-field-layout-preset-50-50\"><div class=\"wpforms-layout-column wpforms-layout-column-50\"><div id=\"wpforms-16066-field_10-container\" class=\"wpforms-field wpforms-field-radio wpforms-list-2-columns wpforms-conditional-trigger\" data-field-id=\"10\"><fieldset><legend class=\"wpforms-field-label\">\u0627\u062e\u062a\u0631 \u0637\u0631\u064a\u0642\u0629 \u0627\u0644\u062f\u0641\u0639 \u0627\u0644\u062a\u064a \u062a\u0631\u063a\u0628 \u0641\u064a\u0647\u0627 \u0644\u0627\u0633\u062a\u0644\u0627\u0645 \u0623\u0631\u0628\u0627\u062d\u0643 <span class=\"wpforms-required-label\" aria-hidden=\"true\">*<\/span><\/legend><ul id=\"wpforms-16066-field_10\" class=\"wpforms-field-required wpforms-image-choices wpforms-image-choices-modern\"><li class=\"choice-1 depth-1 wpforms-image-choices-item\"><label class=\"wpforms-field-label-inline\" for=\"wpforms-16066-field_10_1\" tabindex=\"0\"><span class=\"wpforms-image-choices-image\"><img decoding=\"async\" src=\"https:\/\/i0.wp.com\/tidjara.dz\/wp-content\/uploads\/2023\/02\/CCP-ALGERIE-POSTE.png?ssl=1\" alt=\"\u0639\u0646 \u0637\u0631\u064a\u0642 \u0628\u0631\u064a\u062f \u0627\u0644\u062c\u0632\u0627\u0626\u0631\" title=\"\u0639\u0646 \u0637\u0631\u064a\u0642 \u0628\u0631\u064a\u062f \u0627\u0644\u062c\u0632\u0627\u0626\u0631\" data-recalc-dims=\"1\"><\/span><input type=\"radio\" id=\"wpforms-16066-field_10_1\" class=\"wpforms-screen-reader-element\" name=\"wpforms[fields][10]\" value=\"\u0639\u0646 \u0637\u0631\u064a\u0642 \u0628\u0631\u064a\u062f \u0627\u0644\u062c\u0632\u0627\u0626\u0631\" aria-errormessage=\"wpforms-16066-field_10_1-error\" tabindex=\"-1\" required ><span class=\"wpforms-image-choices-label\">\u0639\u0646 \u0637\u0631\u064a\u0642 \u0628\u0631\u064a\u062f \u0627\u0644\u062c\u0632\u0627\u0626\u0631<\/span><\/label><\/li><li class=\"choice-4 depth-1 wpforms-image-choices-item\"><label class=\"wpforms-field-label-inline\" for=\"wpforms-16066-field_10_4\" tabindex=\"0\"><span class=\"wpforms-image-choices-image\"><img decoding=\"async\" src=\"https:\/\/i0.wp.com\/vitaliabio.net\/wp-content\/uploads\/2024\/03\/VITALIA-VIO-16.png?ssl=1\" alt=\"\u0634\u0631\u0627\u0621 \u0645\u0646\u062a\u0648\u062c \u0645\u0646 \u0627\u0644\u0645\u0648\u0642\u0639 (\u0639\u0646 \u0637\u0631\u064a\u0642 \u0627\u0644\u0645\u062d\u0641\u0638\u0629 \u0627\u0644\u0625\u0644\u0643\u062a\u0631\u0648\u0646\u064a\u0629)\" title=\"\u0634\u0631\u0627\u0621 \u0645\u0646\u062a\u0648\u062c \u0645\u0646 \u0627\u0644\u0645\u0648\u0642\u0639 (\u0639\u0646 \u0637\u0631\u064a\u0642 \u0627\u0644\u0645\u062d\u0641\u0638\u0629 \u0627\u0644\u0625\u0644\u0643\u062a\u0631\u0648\u0646\u064a\u0629)\" data-recalc-dims=\"1\"><\/span><input type=\"radio\" id=\"wpforms-16066-field_10_4\" class=\"wpforms-screen-reader-element\" name=\"wpforms[fields][10]\" value=\"\u0634\u0631\u0627\u0621 \u0645\u0646\u062a\u0648\u062c \u0645\u0646 \u0627\u0644\u0645\u0648\u0642\u0639 (\u0639\u0646 \u0637\u0631\u064a\u0642 \u0627\u0644\u0645\u062d\u0641\u0638\u0629 \u0627\u0644\u0625\u0644\u0643\u062a\u0631\u0648\u0646\u064a\u0629)\" aria-errormessage=\"wpforms-16066-field_10_4-error\" tabindex=\"-1\" required ><span class=\"wpforms-image-choices-label\">\u0634\u0631\u0627\u0621 \u0645\u0646\u062a\u0648\u062c \u0645\u0646 \u0627\u0644\u0645\u0648\u0642\u0639 (\u0639\u0646 \u0637\u0631\u064a\u0642 \u0627\u0644\u0645\u062d\u0641\u0638\u0629 \u0627\u0644\u0625\u0644\u0643\u062a\u0631\u0648\u0646\u064a\u0629)<\/span><\/label><\/li><\/ul><\/fieldset><\/div><\/div><div class=\"wpforms-layout-column wpforms-layout-column-50\"><div id=\"wpforms-16066-field_11-container\" class=\"wpforms-field wpforms-field-text wpforms-conditional-field wpforms-conditional-show\" data-field-id=\"11\" style=\"display:none;\"><label class=\"wpforms-field-label\" for=\"wpforms-16066-field_11\">(CCP) \u0631\u0642\u0645 \u062d\u0633\u0627\u0628 \u0628\u0631\u064a\u062f \u0627\u0644\u062c\u0632\u0627\u0626\u0631  <span class=\"wpforms-required-label\" aria-hidden=\"true\">*<\/span><\/label><input type=\"text\" id=\"wpforms-16066-field_11\" class=\"wpforms-field-medium wpforms-field-required\" name=\"wpforms[fields][11]\" aria-errormessage=\"wpforms-16066-field_11-error\" aria-describedby=\"wpforms-16066-field_11-description\" required><div id=\"wpforms-16066-field_11-description\" class=\"wpforms-field-description\">Compte CCP ou bien RIP<\/div><\/div><div id=\"wpforms-16066-field_12-container\" class=\"wpforms-field wpforms-field-text wpforms-conditional-field wpforms-conditional-show\" data-field-id=\"12\" style=\"display:none;\"><label class=\"wpforms-field-label\" for=\"wpforms-16066-field_12\">\u0625\u0646 \u0644\u0645 \u062a\u0643\u0646 \u0635\u0627\u062d\u0628 \u0627\u0644\u062d\u0633\u0627\u0628\u060c \u0641\u064a\u0631\u062c\u0649 \u0625\u062f\u062e\u0627\u0644 \u0627\u0644\u0627\u0633\u0645 \u0648\u0627\u0644\u0644\u0642\u0628 \u0627\u0644\u0643\u0627\u0645\u0644 \u0644\u0635\u0627\u062d\u0628 \u0627\u0644\u062d\u0633\u0627\u0628 \u0627\u0644\u0628\u0631\u064a\u062f\u064a<\/label><input type=\"text\" id=\"wpforms-16066-field_12\" class=\"wpforms-field-medium\" name=\"wpforms[fields][12]\" aria-errormessage=\"wpforms-16066-field_12-error\" aria-describedby=\"wpforms-16066-field_12-description\" ><div id=\"wpforms-16066-field_12-description\" class=\"wpforms-field-description\">Nom & Pr&nom du d\u00e9tenteur du compte CCP<\/div><\/div><div id=\"wpforms-16066-field_23-container\" class=\"wpforms-field wpforms-field-select wpforms-conditional-field wpforms-conditional-show wpforms-field-select-style-modern\" data-field-id=\"23\" style=\"display:none;\"><label class=\"wpforms-field-label\" for=\"wpforms-16066-field_23\">\u0627\u062e\u062a\u0631 \u0627\u0644\u0645\u0646\u062a\u0648\u062c \u0627\u0644\u0630\u064a \u062a\u0631\u064a\u062f \u0634\u0631\u0627\u0626\u0647 \u0645\u0646 \u0627\u0644\u0645\u0648\u0642\u0639<\/label><select id=\"wpforms-16066-field_23\" class=\"wpforms-field-medium choicesjs-select\" data-size-class=\"wpforms-field-row wpforms-field-medium\" data-search-enabled=\"1\" name=\"wpforms[fields][23]\"><option value=\"\" class=\"placeholder\" disabled  selected='selected'> Cr\u00e8me luminess - cr\u00eame correctrice<\/option><option value=\"15905\" > Cr\u00e8me luminess - cr\u00eame correctrice<\/option><option value=\"15920\" > D\u00e9odorant solide Sensation 100%<\/option><option value=\"15880\" > Gel douche solide<\/option><option value=\"15910\" > RenovHair - r\u00e9paration capillaire des cheveux<\/option><option value=\"15887\" > Savon bave d&#039;escargots<\/option><option value=\"15890\" > Savonette r\u00e9glisse 100%\u00a0<\/option><option value=\"15914\" > Shampoing Solide HerboVital<\/option><option value=\"15927\" > SunFace s\u00e9rum Vitamine C<\/option><\/select><div id=\"wpforms-16066-field_23-description\" class=\"wpforms-field-description\">\u064a\u0645\u0643\u0646\u0643 \u0627\u062e\u062a\u064a\u0627\u0631 \u0627\u0644\u0645\u0646\u062a\u0648\u062c \u0645\u0646 \u062e\u0644\u0627\u0644 \u0647\u0630\u0647 \u0627\u0644\u0642\u0627\u0626\u0645\u0629<\/div><\/div><\/div><\/div><\/div><div id=\"wpforms-16066-field_2-container\" class=\"wpforms-field wpforms-field-textarea\" data-field-id=\"2\"><label class=\"wpforms-field-label\" for=\"wpforms-16066-field_2\">Commentaire ou message<\/label><textarea id=\"wpforms-16066-field_2\" class=\"wpforms-field-medium\" name=\"wpforms[fields][2]\" aria-errormessage=\"wpforms-16066-field_2-error\" ><\/textarea><\/div><\/div><!-- .wpforms-field-container --><div class=\"wpforms-submit-container\" ><input type=\"hidden\" name=\"wpforms[id]\" value=\"16066\"><input type=\"hidden\" name=\"wpforms[author]\" value=\"1\"><button type=\"submit\" name=\"wpforms[submit]\" id=\"wpforms-submit-16066\" class=\"wpforms-submit\" data-alt-text=\"Envoi...\" data-submit-text=\"Demander un paiement\" aria-live=\"assertive\" value=\"wpforms-submit\">Demander un paiement<\/button><img decoding=\"async\" src=\"https:\/\/vitaliabio.net\/wp-content\/plugins\/wpforms\/assets\/images\/submit-spin.svg\" class=\"wpforms-submit-spinner\" style=\"display: none;\" width=\"26\" height=\"26\" alt=\"Chargement en cours\"><\/div><\/form><\/div>  <!-- .wpforms-container -->            <\/div>\n\t\t<\/div>\n\t\t\t\t<\/div>\n\t\t\t\t\t<\/div>\n\t\t\t\t<\/div>\n\t\t\t\t<\/div>\n\t\t","protected":false},"excerpt":{"rendered":"<p>Veuillez activer JavaScript dans votre navigateur pour remplir ce formulaire.Veuillez activer JavaScript dans votre navigateur pour remplir ce formulaire. \u0627\u0644\u0627\u0633\u0645<\/p>\n","protected":false},"author":1,"featured_media":0,"parent":0,"menu_order":0,"comment_status":"closed","ping_status":"closed","template":"","meta":{"footnotes":""},"_links":{"self":[{"href":"https:\/\/vitaliabio.net\/index.php\/wp-json\/wp\/v2\/pages\/16069"}],"collection":[{"href":"https:\/\/vitaliabio.net\/index.php\/wp-json\/wp\/v2\/pages"}],"about":[{"href":"https:\/\/vitaliabio.net\/index.php\/wp-json\/wp\/v2\/types\/page"}],"author":[{"embeddable":true,"href":"https:\/\/vitaliabio.net\/index.php\/wp-json\/wp\/v2\/users\/1"}],"replies":[{"embeddable":true,"href":"https:\/\/vitaliabio.net\/index.php\/wp-json\/wp\/v2\/comments?post=16069"}],"version-history":[{"count":4,"href":"https:\/\/vitaliabio.net\/index.php\/wp-json\/wp\/v2\/pages\/16069\/revisions"}],"predecessor-version":[{"id":16073,"href":"https:\/\/vitaliabio.net\/index.php\/wp-json\/wp\/v2\/pages\/16069\/revisions\/16073"}],"wp:attachment":[{"href":"https:\/\/vitaliabio.net\/index.php\/wp-json\/wp\/v2\/media?parent=16069"}],"curies":[{"name":"wp","href":"https:\/\/api.w.org\/{rel}","templated":true}]}}